{"id":21,"date":"2021-12-13T23:09:14","date_gmt":"2021-12-13T23:09:14","guid":{"rendered":"https:\/\/soyanormal.com\/blog\/?page_id=21"},"modified":"2021-12-13T23:09:14","modified_gmt":"2021-12-13T23:09:14","slug":"contacto","status":"publish","type":"page","link":"https:\/\/soyanormal.com\/blog\/contacto\/","title":{"rendered":"Contacto"},"content":{"rendered":"\n<p>Esta es una p\u00e1gina con informaci\u00f3n de contacto b\u00e1sica, como la direcci\u00f3n y el n\u00famero de tel\u00e9fono. Incluso puedes probar un plugin para a\u00f1adir un formulario de contacto.<\/p>\n","protected":false},"excerpt":{"rendered":"<p>Esta es una p\u00e1gina con informaci\u00f3n de contacto b\u00e1sica, como la direcci\u00f3n y el n\u00famero de tel\u00e9fono. Incluso puedes probar un plugin para a\u00f1adir un formulario de contacto.<\/p>\n","protected":false},"author":1,"featured_media":0,"parent":0,"menu_order":0,"comment_status":"closed","ping_status":"closed","template":"","meta":{"footnotes":""},"class_list":["post-21","page","type-page","status-publish","hentry"],"yoast_head":"<!-- This site is optimized with the Yoast SEO plugin v27.2 - https:\/\/yoast.com\/product\/yoast-seo-wordpress\/ -->\n<title>Contacto &#8212; Soy Anormal, Blog<\/title>\n<meta name=\"robots\" content=\"index, follow, max-snippet:-1, max-image-preview:large, max-video-preview:-1\" \/>\n<link rel=\"canonical\" href=\"https:\/\/soyanormal.com\/blog\/contacto\/\" \/>\n<meta property=\"og:locale\" content=\"es_ES\" \/>\n<meta property=\"og:type\" content=\"article\" \/>\n<meta property=\"og:title\" content=\"Contacto &#8212; Soy Anormal, Blog\" \/>\n<meta property=\"og:description\" content=\"Esta es una p\u00e1gina con informaci\u00f3n de contacto b\u00e1sica, como la direcci\u00f3n y el n\u00famero de tel\u00e9fono. Incluso puedes probar un plugin para a\u00f1adir un formulario de contacto.\" \/>\n<meta property=\"og:url\" content=\"https:\/\/soyanormal.com\/blog\/contacto\/\" \/>\n<meta property=\"og:site_name\" content=\"Soy Anormal, Blog\" \/>\n<meta property=\"article:publisher\" content=\"https:\/\/www.facebook.com\/activismosocialyespiritualidad\" \/>\n<meta property=\"og:image\" content=\"https:\/\/soyanormal.com\/blog\/wp-content\/uploads\/2024\/07\/logo_anormal.jpg\" \/>\n\t<meta property=\"og:image:width\" content=\"500\" \/>\n\t<meta property=\"og:image:height\" content=\"500\" \/>\n\t<meta property=\"og:image:type\" content=\"image\/jpeg\" \/>\n<meta name=\"twitter:card\" content=\"summary_large_image\" \/>\n<meta name=\"twitter:site\" content=\"@soyanormal5\" \/>\n<script type=\"application\/ld+json\" class=\"yoast-schema-graph\">{\"@context\":\"https:\/\/schema.org\",\"@graph\":[{\"@type\":\"WebPage\",\"@id\":\"https:\/\/soyanormal.com\/blog\/contacto\/\",\"url\":\"https:\/\/soyanormal.com\/blog\/contacto\/\",\"name\":\"Contacto &#8212; Soy Anormal, Blog\",\"isPartOf\":{\"@id\":\"https:\/\/soyanormal.com\/blog\/#website\"},\"datePublished\":\"2021-12-13T23:09:14+00:00\",\"breadcrumb\":{\"@id\":\"https:\/\/soyanormal.com\/blog\/contacto\/#breadcrumb\"},\"inLanguage\":\"es\",\"potentialAction\":[{\"@type\":\"ReadAction\",\"target\":[\"https:\/\/soyanormal.com\/blog\/contacto\/\"]}]},{\"@type\":\"BreadcrumbList\",\"@id\":\"https:\/\/soyanormal.com\/blog\/contacto\/#breadcrumb\",\"itemListElement\":[{\"@type\":\"ListItem\",\"position\":1,\"name\":\"Portada\",\"item\":\"https:\/\/soyanormal.com\/blog\/\"},{\"@type\":\"ListItem\",\"position\":2,\"name\":\"Contacto\"}]},{\"@type\":\"WebSite\",\"@id\":\"https:\/\/soyanormal.com\/blog\/#website\",\"url\":\"https:\/\/soyanormal.com\/blog\/\",\"name\":\"Soy Anormal, Blog\",\"description\":\"Somos una Agencia de Comunicaci\u00f3n Global con Alma, que contribuye con un Potente Mensaje Espiritual para el Cambio en Consciencia\",\"publisher\":{\"@id\":\"https:\/\/soyanormal.com\/blog\/#organization\"},\"alternateName\":\"Soy Anormal, Escuela de Salud Emocional para el Despertar Espiritual\",\"potentialAction\":[{\"@type\":\"SearchAction\",\"target\":{\"@type\":\"EntryPoint\",\"urlTemplate\":\"https:\/\/soyanormal.com\/blog\/?s={search_term_string}\"},\"query-input\":{\"@type\":\"PropertyValueSpecification\",\"valueRequired\":true,\"valueName\":\"search_term_string\"}}],\"inLanguage\":\"es\"},{\"@type\":\"Organization\",\"@id\":\"https:\/\/soyanormal.com\/blog\/#organization\",\"name\":\"Soy Anormal\",\"alternateName\":\"Soy Anormal\",\"url\":\"https:\/\/soyanormal.com\/blog\/\",\"logo\":{\"@type\":\"ImageObject\",\"inLanguage\":\"es\",\"@id\":\"https:\/\/soyanormal.com\/blog\/#\/schema\/logo\/image\/\",\"url\":\"https:\/\/soyanormal.com\/blog\/wp-content\/uploads\/2024\/07\/Group-100.jpg\",\"contentUrl\":\"https:\/\/soyanormal.com\/blog\/wp-content\/uploads\/2024\/07\/Group-100.jpg\",\"width\":851,\"height\":315,\"caption\":\"Soy Anormal\"},\"image\":{\"@id\":\"https:\/\/soyanormal.com\/blog\/#\/schema\/logo\/image\/\"},\"sameAs\":[\"https:\/\/www.facebook.com\/activismosocialyespiritualidad\",\"https:\/\/x.com\/soyanormal5\",\"https:\/\/www.youtube.com\/@soyanormal4182\",\"https:\/\/instagram.com\/soyanormalyespiritual\"]}]}<\/script>\n<!-- \/ Yoast SEO plugin. -->","yoast_head_json":{"title":"Contacto &#8212; Soy Anormal, Blog","robots":{"index":"index","follow":"follow","max-snippet":"max-snippet:-1","max-image-preview":"max-image-preview:large","max-video-preview":"max-video-preview:-1"},"canonical":"https:\/\/soyanormal.com\/blog\/contacto\/","og_locale":"es_ES","og_type":"article","og_title":"Contacto &#8212; Soy Anormal, Blog","og_description":"Esta es una p\u00e1gina con informaci\u00f3n de contacto b\u00e1sica, como la direcci\u00f3n y el n\u00famero de tel\u00e9fono. Incluso puedes probar un plugin para a\u00f1adir un formulario de contacto.","og_url":"https:\/\/soyanormal.com\/blog\/contacto\/","og_site_name":"Soy Anormal, Blog","article_publisher":"https:\/\/www.facebook.com\/activismosocialyespiritualidad","og_image":[{"width":500,"height":500,"url":"https:\/\/soyanormal.com\/blog\/wp-content\/uploads\/2024\/07\/logo_anormal.jpg","type":"image\/jpeg"}],"twitter_card":"summary_large_image","twitter_site":"@soyanormal5","schema":{"@context":"https:\/\/schema.org","@graph":[{"@type":"WebPage","@id":"https:\/\/soyanormal.com\/blog\/contacto\/","url":"https:\/\/soyanormal.com\/blog\/contacto\/","name":"Contacto &#8212; Soy Anormal, Blog","isPartOf":{"@id":"https:\/\/soyanormal.com\/blog\/#website"},"datePublished":"2021-12-13T23:09:14+00:00","breadcrumb":{"@id":"https:\/\/soyanormal.com\/blog\/contacto\/#breadcrumb"},"inLanguage":"es","potentialAction":[{"@type":"ReadAction","target":["https:\/\/soyanormal.com\/blog\/contacto\/"]}]},{"@type":"BreadcrumbList","@id":"https:\/\/soyanormal.com\/blog\/contacto\/#breadcrumb","itemListElement":[{"@type":"ListItem","position":1,"name":"Portada","item":"https:\/\/soyanormal.com\/blog\/"},{"@type":"ListItem","position":2,"name":"Contacto"}]},{"@type":"WebSite","@id":"https:\/\/soyanormal.com\/blog\/#website","url":"https:\/\/soyanormal.com\/blog\/","name":"Soy Anormal, Blog","description":"Somos una Agencia de Comunicaci\u00f3n Global con Alma, que contribuye con un Potente Mensaje Espiritual para el Cambio en Consciencia","publisher":{"@id":"https:\/\/soyanormal.com\/blog\/#organization"},"alternateName":"Soy Anormal, Escuela de Salud Emocional para el Despertar Espiritual","potentialAction":[{"@type":"SearchAction","target":{"@type":"EntryPoint","urlTemplate":"https:\/\/soyanormal.com\/blog\/?s={search_term_string}"},"query-input":{"@type":"PropertyValueSpecification","valueRequired":true,"valueName":"search_term_string"}}],"inLanguage":"es"},{"@type":"Organization","@id":"https:\/\/soyanormal.com\/blog\/#organization","name":"Soy Anormal","alternateName":"Soy Anormal","url":"https:\/\/soyanormal.com\/blog\/","logo":{"@type":"ImageObject","inLanguage":"es","@id":"https:\/\/soyanormal.com\/blog\/#\/schema\/logo\/image\/","url":"https:\/\/soyanormal.com\/blog\/wp-content\/uploads\/2024\/07\/Group-100.jpg","contentUrl":"https:\/\/soyanormal.com\/blog\/wp-content\/uploads\/2024\/07\/Group-100.jpg","width":851,"height":315,"caption":"Soy Anormal"},"image":{"@id":"https:\/\/soyanormal.com\/blog\/#\/schema\/logo\/image\/"},"sameAs":["https:\/\/www.facebook.com\/activismosocialyespiritualidad","https:\/\/x.com\/soyanormal5","https:\/\/www.youtube.com\/@soyanormal4182","https:\/\/instagram.com\/soyanormalyespiritual"]}]}},"_links":{"self":[{"href":"https:\/\/soyanormal.com\/blog\/wp-json\/wp\/v2\/pages\/21","targetHints":{"allow":["GET"]}}],"collection":[{"href":"https:\/\/soyanormal.com\/blog\/wp-json\/wp\/v2\/pages"}],"about":[{"href":"https:\/\/soyanormal.com\/blog\/wp-json\/wp\/v2\/types\/page"}],"author":[{"embeddable":true,"href":"https:\/\/soyanormal.com\/blog\/wp-json\/wp\/v2\/users\/1"}],"replies":[{"embeddable":true,"href":"https:\/\/soyanormal.com\/blog\/wp-json\/wp\/v2\/comments?post=21"}],"version-history":[{"count":1,"href":"https:\/\/soyanormal.com\/blog\/wp-json\/wp\/v2\/pages\/21\/revisions"}],"predecessor-version":[{"id":26,"href":"https:\/\/soyanormal.com\/blog\/wp-json\/wp\/v2\/pages\/21\/revisions\/26"}],"wp:attachment":[{"href":"https:\/\/soyanormal.com\/blog\/wp-json\/wp\/v2\/media?parent=21"}],"curies":[{"name":"wp","href":"https:\/\/api.w.org\/{rel}","templated":true}]}}