{"id":20,"date":"2021-12-13T23:09:14","date_gmt":"2021-12-13T23:09:14","guid":{"rendered":"https:\/\/soyanormal.com\/blog\/?page_id=20"},"modified":"2022-01-04T19:07:13","modified_gmt":"2022-01-04T19:07:13","slug":"acerca-de","status":"publish","type":"page","link":"https:\/\/soyanormal.com\/blog\/acerca-de\/","title":{"rendered":"Acerca de Soy Anormal"},"content":{"rendered":"\n<p><strong>Querid@ Lector\/a:<\/strong><\/p>\n\n\n\n<p>Bienvenida y bienvenido a este espacio nuevo de reflexi\u00f3n que pretende ser fresco y original para apoyar tu anormalidad, para acompa\u00f1ar a tu alma in\u00e9dita o incluso para despertar a tu ser anormal, que tal vez llevas tiempo acall\u00e1ndolo, evit\u00e1ndolo o en el peor de los casos neg\u00e1ndolo.<\/p>\n\n\n\n<p><strong>Soy Anormal<\/strong> es una de las consecuencias de este momento espiritual en que, la humanidad despierta y la que est\u00e1 por despertar, est\u00e1 en b\u00fasqueda y en construcci\u00f3n de una nueva forma existencial de estar en la vida que trascienda del modo m\u00e1trix 3D de sobrevivencia hacia esa Nueva Energ\u00eda de quinta densidad donde la l\u00f3gica espiritual es la percepci\u00f3n elevada que la gobierna.<\/p>\n\n\n\n<p>S<strong>oy Anormal <\/strong>nace como una agencia de Comunicaci\u00f3n Global que recibe informaci\u00f3n del Gran Campo y se caracteriza por tener el Alma alineada a ese Mensaje Potente de Transformaci\u00f3n que el colectivo de humanos despiertos y Semillas Estelares que configuran la Familia de Luz como Trabajadores y Emisarios de la misma, est\u00e1n construyendo para instalar la Conciencia Espiritual de quinta dimensi\u00f3n, en el actual proceso evolutivo de Ascensi\u00f3n Planetaria en el que est\u00e1 sumergida la Humanidad.<\/p>\n\n\n\n<p>Nuestro prop\u00f3sito, por tanto, es ofrecerte informaci\u00f3n y contenidos profundos, in\u00e9ditos, que se distingan por la claridad de su mensaje y la utilidad pr\u00e1ctica de sus contenidos para alinearte con este profundo y trascendente momento c\u00f3smico de transformaci\u00f3n evolutiva.<\/p>\n\n\n\n<p>Para lograr nuestro cometido hemos creado tres espacios o categor\u00edas de contenidos para promover la reflexi\u00f3n y el discernimiento entre los humanos despiertos y las Semillas Estelares que resuenan con la Familia de Luz. <\/p>\n\n\n\n<figure class=\"wp-block-image size-large\"><img loading=\"lazy\" decoding=\"async\" width=\"1024\" height=\"576\" src=\"https:\/\/soyanormal.com\/blog\/wp-content\/uploads\/2022\/01\/Feminismos-para-Despiert@s-1-1024x576.png\" alt=\"\" class=\"wp-image-97\" srcset=\"https:\/\/soyanormal.com\/blog\/wp-content\/uploads\/2022\/01\/Feminismos-para-Despiert@s-1-1024x576.png 1024w, https:\/\/soyanormal.com\/blog\/wp-content\/uploads\/2022\/01\/Feminismos-para-Despiert@s-1-300x169.png 300w, https:\/\/soyanormal.com\/blog\/wp-content\/uploads\/2022\/01\/Feminismos-para-Despiert@s-1-768x432.png 768w, https:\/\/soyanormal.com\/blog\/wp-content\/uploads\/2022\/01\/Feminismos-para-Despiert@s-1-1536x864.png 1536w, https:\/\/soyanormal.com\/blog\/wp-content\/uploads\/2022\/01\/Feminismos-para-Despiert@s-1-2048x1152.png 2048w, https:\/\/soyanormal.com\/blog\/wp-content\/uploads\/2022\/01\/Feminismos-para-Despiert@s-1-107x60.png 107w\" sizes=\"auto, (max-width: 1024px) 100vw, 1024px\" \/><figcaption>EL DESPERTAR ESPIRITUAL ES UNA ETAPA DEL PROCESO ASCENSIONAL A LA 5D<\/figcaption><\/figure>\n\n\n\n<ul class=\"wp-block-list\"><li>En <strong><em>C\u00e1psulas de Luz para Ascender a la 5D<\/em><\/strong> encontrar\u00e1s contenidos diversos e informaci\u00f3n profunda que est\u00e1 dise\u00f1ada para las personas que est\u00e1n necesitando gu\u00eda y orientaci\u00f3n en este momento evolutivo del despertar espiritual. Tambi\u00e9n encontrar\u00e1n contenidos \u00fatiles y muy pr\u00e1cticos quienes deseen trazar su ruta de trabajo personal para conquistar su ascensi\u00f3n hacia la 5D.<\/li><\/ul>\n\n\n\n<p><\/p>\n\n\n\n<figure class=\"wp-block-image size-large\"><img loading=\"lazy\" decoding=\"async\" width=\"1024\" height=\"1024\" src=\"https:\/\/soyanormal.com\/blog\/wp-content\/uploads\/2021\/12\/Matrix-Emocional-1024x1024.jpg\" alt=\"\" class=\"wp-image-92\" srcset=\"https:\/\/soyanormal.com\/blog\/wp-content\/uploads\/2021\/12\/Matrix-Emocional-1024x1024.jpg 1024w, https:\/\/soyanormal.com\/blog\/wp-content\/uploads\/2021\/12\/Matrix-Emocional-300x300.jpg 300w, https:\/\/soyanormal.com\/blog\/wp-content\/uploads\/2021\/12\/Matrix-Emocional-150x150.jpg 150w, https:\/\/soyanormal.com\/blog\/wp-content\/uploads\/2021\/12\/Matrix-Emocional-768x768.jpg 768w, https:\/\/soyanormal.com\/blog\/wp-content\/uploads\/2021\/12\/Matrix-Emocional-435x435.jpg 435w, https:\/\/soyanormal.com\/blog\/wp-content\/uploads\/2021\/12\/Matrix-Emocional-60x60.jpg 60w, https:\/\/soyanormal.com\/blog\/wp-content\/uploads\/2021\/12\/Matrix-Emocional.jpg 1200w\" sizes=\"auto, (max-width: 1024px) 100vw, 1024px\" \/><figcaption>JUEGA EL JUEGO EMOCIONAL DE LA M\u00c1TRIX 3D EN MODO CONSCIENTE<\/figcaption><\/figure>\n\n\n\n<ul class=\"wp-block-list\"><li>Hemos dise\u00f1ado <strong><em>El Juego Emocional de la M\u00e1trix 3D<\/em> <\/strong>como un espacio intencionado para penetrar en los recovecos emocionales en que la programaci\u00f3n m\u00e1trix de sobrevivencia nos induce consciente e inconscientemente a seguir alimentando con conductas viejas y actitudes vetustas -ausentes de madurez espiritual- al actual sistema de la vieja energ\u00eda que ya est\u00e1 colapsando y que se resiste a desaparecer. El prop\u00f3sito de este particular espacio, es que conozcas cu\u00e1les son las reglas de este perverso juego emocional en modo inconsciente, en el que el sistema m\u00e1trix 3D nos ha atrapado, y en el que hemos estado esclavizados durante eones como colectivo humano profundamente inconsciente. Ahora es el momento de comenzar a jugarlo en modo de luz, haciendo un uso pleno de nuestra Consciencia en ese modo elevado de quinta densidad. La ideas es aprender a salir del drama y as\u00ed, activarnos en esa l\u00f3gica espiritual que ya se siente y se percibe en el Planeta.<\/li><\/ul>\n\n\n\n<figure class=\"wp-block-image size-large\"><img loading=\"lazy\" decoding=\"async\" width=\"1024\" height=\"1024\" src=\"https:\/\/soyanormal.com\/blog\/wp-content\/uploads\/2022\/01\/Artboard-2-1-1024x1024.png\" alt=\"\" class=\"wp-image-96\" srcset=\"https:\/\/soyanormal.com\/blog\/wp-content\/uploads\/2022\/01\/Artboard-2-1-1024x1024.png 1024w, https:\/\/soyanormal.com\/blog\/wp-content\/uploads\/2022\/01\/Artboard-2-1-300x300.png 300w, https:\/\/soyanormal.com\/blog\/wp-content\/uploads\/2022\/01\/Artboard-2-1-150x150.png 150w, https:\/\/soyanormal.com\/blog\/wp-content\/uploads\/2022\/01\/Artboard-2-1-768x768.png 768w, https:\/\/soyanormal.com\/blog\/wp-content\/uploads\/2022\/01\/Artboard-2-1-435x435.png 435w, https:\/\/soyanormal.com\/blog\/wp-content\/uploads\/2022\/01\/Artboard-2-1-60x60.png 60w, https:\/\/soyanormal.com\/blog\/wp-content\/uploads\/2022\/01\/Artboard-2-1.png 1200w\" sizes=\"auto, (max-width: 1024px) 100vw, 1024px\" \/><figcaption>EL FEMINISMO REQUIERE INCORPORAR LA L\u00d3GICA ESPIRITUAL EN SU PR\u00c1CTICA Y REFLEXIONES<\/figcaption><\/figure>\n\n\n\n<ul class=\"wp-block-list\"><li><strong><em>Feminismos para Despiert@s <\/em><\/strong>es el espacio necesario para explorar todo lo ignorado acerca de las pr\u00e1cticas feministas que requieren ser alineadas con esa l\u00f3gica espiritual tan desde\u00f1ada por el patriarcado y tan inadvertida por dise\u00f1o en las distintas posturas de las teor\u00edas feministas. Hoy es fundamental promover entre el movimiento feminista el acceso a esa percepci\u00f3n elevada conocida como la 5D; solo arraigando esta forma espiritual de observar la realidad entre las mujeres feministas permitir\u00e1 que la energ\u00eda de lo Femenino sea reivindicada en su calidad de sagrado en la vida cotidiana de las mujeres y hombres que sienten la llamada de generar las transformaciones estructurales que se requieren para desintegrar junto con el patriarcado al depredador sistema M\u00e1trix 3D.<\/li><\/ul>\n\n\n\n<figure class=\"wp-block-image size-large\"><img loading=\"lazy\" decoding=\"async\" width=\"1024\" height=\"1024\" src=\"https:\/\/soyanormal.com\/blog\/wp-content\/uploads\/2022\/01\/Artboard-3-1024x1024.png\" alt=\"\" class=\"wp-image-98\" srcset=\"https:\/\/soyanormal.com\/blog\/wp-content\/uploads\/2022\/01\/Artboard-3-1024x1024.png 1024w, https:\/\/soyanormal.com\/blog\/wp-content\/uploads\/2022\/01\/Artboard-3-300x300.png 300w, https:\/\/soyanormal.com\/blog\/wp-content\/uploads\/2022\/01\/Artboard-3-150x150.png 150w, https:\/\/soyanormal.com\/blog\/wp-content\/uploads\/2022\/01\/Artboard-3-768x768.png 768w, https:\/\/soyanormal.com\/blog\/wp-content\/uploads\/2022\/01\/Artboard-3-435x435.png 435w, https:\/\/soyanormal.com\/blog\/wp-content\/uploads\/2022\/01\/Artboard-3-60x60.png 60w, https:\/\/soyanormal.com\/blog\/wp-content\/uploads\/2022\/01\/Artboard-3.png 1200w\" sizes=\"auto, (max-width: 1024px) 100vw, 1024px\" \/><figcaption>EL SISTEMA M\u00c1TRIX 3D HA INSERTADO LA VICTIMIZACI\u00d3N EN LOS LLAMADOS GRUPOS VULNERABLES<\/figcaption><\/figure>\n\n\n\n<ul class=\"wp-block-list\"><li><strong><em>Maricones  en Deconstrucci\u00f3n <\/em><\/strong>Es un espacio dirigido a la comunidad gay para estimular los procesos de introspecci\u00f3n orientados al fortalecimiento de la responsabilidad sobre s\u00ed mismo tan ausentes en este colectivo. Utilizaremos la s\u00e1tira y los memes como herramientas que permitan la deconstrucci\u00f3n de esas conductas que en un principio eran necesarias y tal vez liberadoras pero que ahora son incongruentes con la l\u00f3gica espiritual de este momento evolutivo del Planeta. El sistema m\u00e1trix 3D ha insertado la victimizaci\u00f3n en la psique de los llamados grupos vulnerables, y la comunidad gay no es para nada la excepci\u00f3n; alrededor de la percepci\u00f3n de v\u00edctimas, las conductas t\u00f3xicas abundan en la vida cotidiana de nuestra comunidad restando significativamente ese poder personal que est\u00e1 ligado a esa Divinidad que surge de nuestra humanidad m\u00e1s all\u00e1 de nuestras orientaciones sexuales y las identidades de g\u00e9nero. Este es un espacio seguro libre de prejuicios y estigmas en donde la autocr\u00edtica es bienvenida para construir y cimentar otras formas m\u00e1s sanas del Ser.<\/li><\/ul>\n\n\n\n<figure class=\"wp-block-image size-large\"><img loading=\"lazy\" decoding=\"async\" width=\"1024\" height=\"1024\" src=\"https:\/\/soyanormal.com\/blog\/wp-content\/uploads\/2022\/01\/Artboard-1-1024x1024.png\" alt=\"\" class=\"wp-image-99\" srcset=\"https:\/\/soyanormal.com\/blog\/wp-content\/uploads\/2022\/01\/Artboard-1-1024x1024.png 1024w, https:\/\/soyanormal.com\/blog\/wp-content\/uploads\/2022\/01\/Artboard-1-300x300.png 300w, https:\/\/soyanormal.com\/blog\/wp-content\/uploads\/2022\/01\/Artboard-1-150x150.png 150w, https:\/\/soyanormal.com\/blog\/wp-content\/uploads\/2022\/01\/Artboard-1-768x768.png 768w, https:\/\/soyanormal.com\/blog\/wp-content\/uploads\/2022\/01\/Artboard-1-435x435.png 435w, https:\/\/soyanormal.com\/blog\/wp-content\/uploads\/2022\/01\/Artboard-1-60x60.png 60w, https:\/\/soyanormal.com\/blog\/wp-content\/uploads\/2022\/01\/Artboard-1.png 1200w\" sizes=\"auto, (max-width: 1024px) 100vw, 1024px\" \/><figcaption>LA MISION DE LA FAMILIA DE LUZ ENCARNADA ES DESMANTELAR ESTE SISTEMA DE CONTROL M\u00c1TRIX 3D<\/figcaption><\/figure>\n\n\n\n<ul class=\"wp-block-list\"><li>Por \u00faltimo, <strong><em>Familia de Luz<\/em><\/strong>, es el espacio indispensable para todas esas personas semillas estelares que se identifican como emisarios y trabajadores de la luz. Aqu\u00ed compartiremos herramientas conceptuales para que puedas ampliar y estirar tu percepci\u00f3n hacia esa l\u00f3gica espiritual de quinta densidad; la idea es que adem\u00e1s aprendas el elegante arte del discernimiento, pues hoy m\u00e1s que nunca es necesario desarrollar claridad mental e impecabilidad ps\u00edquica al momento de descifrar los mensajes que en esta nueva energ\u00eda cada vez m\u00e1s humanos despiertos est\u00e1n ya aprendiendo a acceder para comunicar. &nbsp;Se necesita aprender a usar herramientas t\u00e9cnicas y metodol\u00f3gicas que permitan que las semillas estelares sean competentes, que permitan que su disposici\u00f3n para aprender a habilitar sus pericias y destrezas como agentes de cambio pueda impactar en <strong><em>alterar y desmantelar este Sistema de Conciencia M\u00e1trix 3D en modo de control<\/em><\/strong>. Por esto, descubriremos contigo c\u00f3mo utilizar las herramientas que permitan dise\u00f1ar acciones de cambio creativamente innovadoras, pues, el momento de hacer operativa la transformaci\u00f3n sustancialmente amorosa y compasiva para cocrear un Nuevo Mundo, es ahora.<\/li><\/ul>\n\n\n\n<p><\/p>\n\n\n\n<figure class=\"wp-block-image size-large\"><img decoding=\"async\" src=\"https:\/\/soyanormal.com\/blog\/wp-content\/uploads\/2022\/01\/star-sign-4374415_1280-1024x723.jpg\" alt=\"\" class=\"wp-image-104\"\/><figcaption>LA ERA DE ACUARIO ES EL NUEVO CICLO QUE INICIA GAIA, NUETRO PLANETA<\/figcaption><\/figure>\n\n\n\n<p><\/p>\n\n\n\n<p>La Era de Acuario es el Nuevo Ciclo que nuestro Planeta, la Tierra, ha iniciado en su recorrido por el Cosmos movilizando a la Humanidad a recorrer con Ella una Nueva Etapa de Evoluci\u00f3n. Esta transici\u00f3n se desarrolla a nivel f\u00edsico y principalmente a nivel energ\u00e9tico colapsando en nuestro mundo la vieja energ\u00eda conocida como la M\u00e1trix 3D; dando paso a una profunda metamorfosis en la Conciencia de la Humanidad que, hasta hoy, es desconocida.<\/p>\n\n\n\n<p>Esta mudanza energ\u00e9tica impacta en la vida emocional de las <em>personas dormidas<\/em> que a\u00fan permanecen conectadas al sistema a trav\u00e9s de la coraza de la normalidad, agudizando en ellas el miedo, la confusi\u00f3n y los estados depresivos con ansiedad. La Vieja Energ\u00eda de la m\u00e1trix 3D se alimenta de todas esas emociones de baja frecuencia que la coraza de la normalidad ha instalado como parte de la cotidianidad de millones de humanos conectados bajo la programaci\u00f3n m\u00e1trix 3D.<\/p>\n\n\n\n<p>A este estado an\u00edmico conocido como la coraza de la normalidad, con todas sus implicaciones emocionales de dolor y sufrimiento, le llamamos el JUEGO EMOCIONAL de la M\u00c1TRIX; un juego que ha lastimado por siglos a los humanos que, al no ser conscientes del mismo, desconocen c\u00f3mo salir del sufrimiento. Este blog est\u00e1 dedicado a generar saberes que provean de herramientas innovadoras a todos esos humanos y semillas estelares que deseen contribuir a la construcci\u00f3n de esta Nueva Tierra, en esta nueva energ\u00eda que ya circula en el planeta.<\/p>\n\n\n\n<p>Aprender a vencer el Juego de la M\u00e1trix 3D, es el Salto Evolutivo hacia la Quinta Dimensi\u00f3n que hoy ha de transitar la Humanidad. \u00bfQuieres Descifrar el Juego? Soy Anormal te revela las claves para vencerlo. \u00a1Atr\u00e9vete a descifrarlo!<\/p>\n\n\n\n<p>-Norma Del R\u00edo y Octavio VDR-<\/p>\n","protected":false},"excerpt":{"rendered":"<p>Querid@ Lector\/a: Bienvenida y bienvenido a este espacio nuevo de reflexi\u00f3n que pretende ser fresco y original para apoyar tu anormalidad, para acompa\u00f1ar a tu alma in\u00e9dita o incluso para despertar a tu ser anormal, que tal vez llevas tiempo acall\u00e1ndolo, evit\u00e1ndolo o en el peor de los casos neg\u00e1ndolo. Soy Anormal es una de &hellip; <\/p>\n","protected":false},"author":1,"featured_media":101,"parent":0,"menu_order":0,"comment_status":"open","ping_status":"closed","template":"","meta":{"footnotes":""},"class_list":["post-20","page","type-page","status-publish","has-post-thumbnail","hentry"],"yoast_head":"<!-- This site is optimized with the Yoast SEO plugin v27.2 - https:\/\/yoast.com\/product\/yoast-seo-wordpress\/ -->\n<title>Acerca de Soy Anormal &#8212; Soy Anormal, Blog<\/title>\n<meta name=\"robots\" content=\"index, follow, max-snippet:-1, max-image-preview:large, max-video-preview:-1\" \/>\n<link rel=\"canonical\" href=\"https:\/\/soyanormal.com\/blog\/acerca-de\/\" \/>\n<meta property=\"og:locale\" content=\"es_ES\" \/>\n<meta property=\"og:type\" content=\"article\" \/>\n<meta property=\"og:title\" content=\"Acerca de Soy Anormal &#8212; Soy Anormal, Blog\" \/>\n<meta property=\"og:description\" content=\"Querid@ Lector\/a: Bienvenida y bienvenido a este espacio nuevo de reflexi\u00f3n que pretende ser fresco y original para apoyar tu anormalidad, para acompa\u00f1ar a tu alma in\u00e9dita o incluso para despertar a tu ser anormal, que tal vez llevas tiempo acall\u00e1ndolo, evit\u00e1ndolo o en el peor de los casos neg\u00e1ndolo. Soy Anormal es una de &hellip;\" \/>\n<meta property=\"og:url\" content=\"https:\/\/soyanormal.com\/blog\/acerca-de\/\" \/>\n<meta property=\"og:site_name\" content=\"Soy Anormal, Blog\" \/>\n<meta property=\"article:publisher\" content=\"https:\/\/www.facebook.com\/activismosocialyespiritualidad\" \/>\n<meta property=\"article:modified_time\" content=\"2022-01-04T19:07:13+00:00\" \/>\n<meta property=\"og:image\" content=\"https:\/\/soyanormal.com\/blog\/wp-content\/uploads\/2022\/01\/Feminismos-para-Despiert@s.jpg\" \/>\n\t<meta property=\"og:image:width\" content=\"2560\" \/>\n\t<meta property=\"og:image:height\" content=\"1440\" \/>\n\t<meta property=\"og:image:type\" content=\"image\/jpeg\" \/>\n<meta name=\"twitter:card\" content=\"summary_large_image\" \/>\n<meta name=\"twitter:site\" content=\"@soyanormal5\" \/>\n<meta name=\"twitter:label1\" content=\"Tiempo de lectura\" \/>\n\t<meta name=\"twitter:data1\" content=\"7 minutos\" \/>\n<script type=\"application\/ld+json\" class=\"yoast-schema-graph\">{\"@context\":\"https:\/\/schema.org\",\"@graph\":[{\"@type\":\"WebPage\",\"@id\":\"https:\/\/soyanormal.com\/blog\/acerca-de\/\",\"url\":\"https:\/\/soyanormal.com\/blog\/acerca-de\/\",\"name\":\"Acerca de Soy Anormal &#8212; Soy Anormal, Blog\",\"isPartOf\":{\"@id\":\"https:\/\/soyanormal.com\/blog\/#website\"},\"primaryImageOfPage\":{\"@id\":\"https:\/\/soyanormal.com\/blog\/acerca-de\/#primaryimage\"},\"image\":{\"@id\":\"https:\/\/soyanormal.com\/blog\/acerca-de\/#primaryimage\"},\"thumbnailUrl\":\"https:\/\/soyanormal.com\/blog\/wp-content\/uploads\/2022\/01\/Feminismos-para-Despiert@s.jpg\",\"datePublished\":\"2021-12-13T23:09:14+00:00\",\"dateModified\":\"2022-01-04T19:07:13+00:00\",\"breadcrumb\":{\"@id\":\"https:\/\/soyanormal.com\/blog\/acerca-de\/#breadcrumb\"},\"inLanguage\":\"es\",\"potentialAction\":[{\"@type\":\"ReadAction\",\"target\":[\"https:\/\/soyanormal.com\/blog\/acerca-de\/\"]}]},{\"@type\":\"ImageObject\",\"inLanguage\":\"es\",\"@id\":\"https:\/\/soyanormal.com\/blog\/acerca-de\/#primaryimage\",\"url\":\"https:\/\/soyanormal.com\/blog\/wp-content\/uploads\/2022\/01\/Feminismos-para-Despiert@s.jpg\",\"contentUrl\":\"https:\/\/soyanormal.com\/blog\/wp-content\/uploads\/2022\/01\/Feminismos-para-Despiert@s.jpg\",\"width\":2560,\"height\":1440,\"caption\":\"Temas del Blog Soy Anormal\"},{\"@type\":\"BreadcrumbList\",\"@id\":\"https:\/\/soyanormal.com\/blog\/acerca-de\/#breadcrumb\",\"itemListElement\":[{\"@type\":\"ListItem\",\"position\":1,\"name\":\"Portada\",\"item\":\"https:\/\/soyanormal.com\/blog\/\"},{\"@type\":\"ListItem\",\"position\":2,\"name\":\"Acerca de Soy Anormal\"}]},{\"@type\":\"WebSite\",\"@id\":\"https:\/\/soyanormal.com\/blog\/#website\",\"url\":\"https:\/\/soyanormal.com\/blog\/\",\"name\":\"Soy Anormal, Blog\",\"description\":\"Somos una Agencia de Comunicaci\u00f3n Global con Alma, que contribuye con un Potente Mensaje Espiritual para el Cambio en Consciencia\",\"publisher\":{\"@id\":\"https:\/\/soyanormal.com\/blog\/#organization\"},\"alternateName\":\"Soy Anormal, Escuela de Salud Emocional para el Despertar Espiritual\",\"potentialAction\":[{\"@type\":\"SearchAction\",\"target\":{\"@type\":\"EntryPoint\",\"urlTemplate\":\"https:\/\/soyanormal.com\/blog\/?s={search_term_string}\"},\"query-input\":{\"@type\":\"PropertyValueSpecification\",\"valueRequired\":true,\"valueName\":\"search_term_string\"}}],\"inLanguage\":\"es\"},{\"@type\":\"Organization\",\"@id\":\"https:\/\/soyanormal.com\/blog\/#organization\",\"name\":\"Soy Anormal\",\"alternateName\":\"Soy Anormal\",\"url\":\"https:\/\/soyanormal.com\/blog\/\",\"logo\":{\"@type\":\"ImageObject\",\"inLanguage\":\"es\",\"@id\":\"https:\/\/soyanormal.com\/blog\/#\/schema\/logo\/image\/\",\"url\":\"https:\/\/soyanormal.com\/blog\/wp-content\/uploads\/2024\/07\/Group-100.jpg\",\"contentUrl\":\"https:\/\/soyanormal.com\/blog\/wp-content\/uploads\/2024\/07\/Group-100.jpg\",\"width\":851,\"height\":315,\"caption\":\"Soy Anormal\"},\"image\":{\"@id\":\"https:\/\/soyanormal.com\/blog\/#\/schema\/logo\/image\/\"},\"sameAs\":[\"https:\/\/www.facebook.com\/activismosocialyespiritualidad\",\"https:\/\/x.com\/soyanormal5\",\"https:\/\/www.youtube.com\/@soyanormal4182\",\"https:\/\/instagram.com\/soyanormalyespiritual\"]}]}<\/script>\n<!-- \/ Yoast SEO plugin. -->","yoast_head_json":{"title":"Acerca de Soy Anormal &#8212; Soy Anormal, Blog","robots":{"index":"index","follow":"follow","max-snippet":"max-snippet:-1","max-image-preview":"max-image-preview:large","max-video-preview":"max-video-preview:-1"},"canonical":"https:\/\/soyanormal.com\/blog\/acerca-de\/","og_locale":"es_ES","og_type":"article","og_title":"Acerca de Soy Anormal &#8212; Soy Anormal, Blog","og_description":"Querid@ Lector\/a: Bienvenida y bienvenido a este espacio nuevo de reflexi\u00f3n que pretende ser fresco y original para apoyar tu anormalidad, para acompa\u00f1ar a tu alma in\u00e9dita o incluso para despertar a tu ser anormal, que tal vez llevas tiempo acall\u00e1ndolo, evit\u00e1ndolo o en el peor de los casos neg\u00e1ndolo. Soy Anormal es una de &hellip;","og_url":"https:\/\/soyanormal.com\/blog\/acerca-de\/","og_site_name":"Soy Anormal, Blog","article_publisher":"https:\/\/www.facebook.com\/activismosocialyespiritualidad","article_modified_time":"2022-01-04T19:07:13+00:00","og_image":[{"width":2560,"height":1440,"url":"https:\/\/soyanormal.com\/blog\/wp-content\/uploads\/2022\/01\/Feminismos-para-Despiert@s.jpg","type":"image\/jpeg"}],"twitter_card":"summary_large_image","twitter_site":"@soyanormal5","twitter_misc":{"Tiempo de lectura":"7 minutos"},"schema":{"@context":"https:\/\/schema.org","@graph":[{"@type":"WebPage","@id":"https:\/\/soyanormal.com\/blog\/acerca-de\/","url":"https:\/\/soyanormal.com\/blog\/acerca-de\/","name":"Acerca de Soy Anormal &#8212; Soy Anormal, Blog","isPartOf":{"@id":"https:\/\/soyanormal.com\/blog\/#website"},"primaryImageOfPage":{"@id":"https:\/\/soyanormal.com\/blog\/acerca-de\/#primaryimage"},"image":{"@id":"https:\/\/soyanormal.com\/blog\/acerca-de\/#primaryimage"},"thumbnailUrl":"https:\/\/soyanormal.com\/blog\/wp-content\/uploads\/2022\/01\/Feminismos-para-Despiert@s.jpg","datePublished":"2021-12-13T23:09:14+00:00","dateModified":"2022-01-04T19:07:13+00:00","breadcrumb":{"@id":"https:\/\/soyanormal.com\/blog\/acerca-de\/#breadcrumb"},"inLanguage":"es","potentialAction":[{"@type":"ReadAction","target":["https:\/\/soyanormal.com\/blog\/acerca-de\/"]}]},{"@type":"ImageObject","inLanguage":"es","@id":"https:\/\/soyanormal.com\/blog\/acerca-de\/#primaryimage","url":"https:\/\/soyanormal.com\/blog\/wp-content\/uploads\/2022\/01\/Feminismos-para-Despiert@s.jpg","contentUrl":"https:\/\/soyanormal.com\/blog\/wp-content\/uploads\/2022\/01\/Feminismos-para-Despiert@s.jpg","width":2560,"height":1440,"caption":"Temas del Blog Soy Anormal"},{"@type":"BreadcrumbList","@id":"https:\/\/soyanormal.com\/blog\/acerca-de\/#breadcrumb","itemListElement":[{"@type":"ListItem","position":1,"name":"Portada","item":"https:\/\/soyanormal.com\/blog\/"},{"@type":"ListItem","position":2,"name":"Acerca de Soy Anormal"}]},{"@type":"WebSite","@id":"https:\/\/soyanormal.com\/blog\/#website","url":"https:\/\/soyanormal.com\/blog\/","name":"Soy Anormal, Blog","description":"Somos una Agencia de Comunicaci\u00f3n Global con Alma, que contribuye con un Potente Mensaje Espiritual para el Cambio en Consciencia","publisher":{"@id":"https:\/\/soyanormal.com\/blog\/#organization"},"alternateName":"Soy Anormal, Escuela de Salud Emocional para el Despertar Espiritual","potentialAction":[{"@type":"SearchAction","target":{"@type":"EntryPoint","urlTemplate":"https:\/\/soyanormal.com\/blog\/?s={search_term_string}"},"query-input":{"@type":"PropertyValueSpecification","valueRequired":true,"valueName":"search_term_string"}}],"inLanguage":"es"},{"@type":"Organization","@id":"https:\/\/soyanormal.com\/blog\/#organization","name":"Soy Anormal","alternateName":"Soy Anormal","url":"https:\/\/soyanormal.com\/blog\/","logo":{"@type":"ImageObject","inLanguage":"es","@id":"https:\/\/soyanormal.com\/blog\/#\/schema\/logo\/image\/","url":"https:\/\/soyanormal.com\/blog\/wp-content\/uploads\/2024\/07\/Group-100.jpg","contentUrl":"https:\/\/soyanormal.com\/blog\/wp-content\/uploads\/2024\/07\/Group-100.jpg","width":851,"height":315,"caption":"Soy Anormal"},"image":{"@id":"https:\/\/soyanormal.com\/blog\/#\/schema\/logo\/image\/"},"sameAs":["https:\/\/www.facebook.com\/activismosocialyespiritualidad","https:\/\/x.com\/soyanormal5","https:\/\/www.youtube.com\/@soyanormal4182","https:\/\/instagram.com\/soyanormalyespiritual"]}]}},"_links":{"self":[{"href":"https:\/\/soyanormal.com\/blog\/wp-json\/wp\/v2\/pages\/20","targetHints":{"allow":["GET"]}}],"collection":[{"href":"https:\/\/soyanormal.com\/blog\/wp-json\/wp\/v2\/pages"}],"about":[{"href":"https:\/\/soyanormal.com\/blog\/wp-json\/wp\/v2\/types\/page"}],"author":[{"embeddable":true,"href":"https:\/\/soyanormal.com\/blog\/wp-json\/wp\/v2\/users\/1"}],"replies":[{"embeddable":true,"href":"https:\/\/soyanormal.com\/blog\/wp-json\/wp\/v2\/comments?post=20"}],"version-history":[{"count":7,"href":"https:\/\/soyanormal.com\/blog\/wp-json\/wp\/v2\/pages\/20\/revisions"}],"predecessor-version":[{"id":105,"href":"https:\/\/soyanormal.com\/blog\/wp-json\/wp\/v2\/pages\/20\/revisions\/105"}],"wp:featuredmedia":[{"embeddable":true,"href":"https:\/\/soyanormal.com\/blog\/wp-json\/wp\/v2\/media\/101"}],"wp:attachment":[{"href":"https:\/\/soyanormal.com\/blog\/wp-json\/wp\/v2\/media?parent=20"}],"curies":[{"name":"wp","href":"https:\/\/api.w.org\/{rel}","templated":true}]}}